{"id":12834,"date":"2020-11-26T10:26:16","date_gmt":"2020-11-26T15:26:16","guid":{"rendered":"https:\/\/fcds.org.co\/?page_id=12834"},"modified":"2025-09-03T08:37:53","modified_gmt":"2025-09-03T13:37:53","slug":"where-we-work","status":"publish","type":"page","link":"https:\/\/fcds.org.co\/en\/about-us\/where-we-work\/","title":{"rendered":"Where we work"},"content":{"rendered":"\t\t<div data-elementor-type=\"wp-page\" data-elementor-id=\"12834\" class=\"elementor elementor-12834\" data-elementor-post-type=\"page\">\n\t\t\t\t\t\t<section class=\"has_ae_slider elementor-section elementor-top-section elementor-element elementor-element-4a3155d elementor-section-height-min-height elementor-section-boxed elementor-section-height-default elementor-section-items-middle ae-bg-gallery-type-default\" data-id=\"4a3155d\" data-element_type=\"section\" data-settings=\"{&quot;background_background&quot;:&quot;classic&quot;}\">\n\t\t\t\t\t\t\t<div class=\"elementor-background-overlay\"><\/div>\n\t\t\t\t\t\t\t<div class=\"elementor-container elementor-column-gap-default\">\n\t\t\t\t\t<div class=\"has_ae_slider elementor-column elementor-col-100 elementor-top-column elementor-element elementor-element-3a26702 ae-bg-gallery-type-default\" data-id=\"3a26702\" data-element_type=\"column\">\n\t\t\t<div class=\"elementor-widget-wrap elementor-element-populated\">\n\t\t\t\t\t\t<div class=\"elementor-element elementor-element-56bb3a4 elementor-widget elementor-widget-heading\" data-id=\"56bb3a4\" data-element_type=\"widget\" data-widget_type=\"heading.default\">\n\t\t\t\t<div class=\"elementor-widget-container\">\n\t\t\t\t\t<h1 class=\"elementor-heading-title elementor-size-default\">Where we work<\/h1>\t\t\t\t<\/div>\n\t\t\t\t<\/div>\n\t\t\t\t\t<\/div>\n\t\t<\/div>\n\t\t\t\t\t<\/div>\n\t\t<\/section>\n\t\t\t\t<section class=\"has_ae_slider elementor-section elementor-top-section elementor-element elementor-element-0a34de4 elementor-section-boxed elementor-section-height-default elementor-section-height-default ae-bg-gallery-type-default\" data-id=\"0a34de4\" data-element_type=\"section\">\n\t\t\t\t\t\t<div class=\"elementor-container elementor-column-gap-extended\">\n\t\t\t\t\t<div class=\"has_ae_slider elementor-column elementor-col-50 elementor-top-column elementor-element elementor-element-b32ba31 ae-bg-gallery-type-default\" data-id=\"b32ba31\" data-element_type=\"column\">\n\t\t\t<div class=\"elementor-widget-wrap elementor-element-populated\">\n\t\t\t\t\t\t<div class=\"elementor-element elementor-element-e11ef77 elementor-widget elementor-widget-text-editor\" data-id=\"e11ef77\" data-element_type=\"widget\" data-widget_type=\"text-editor.default\">\n\t\t\t\t<div class=\"elementor-widget-container\">\n\t\t\t\t\t\t\t\t\t<p>The Foundation promotes peacebuilding through a territorial environmental management method that emphasizes environmental protection and sustainable development, focusing on the Colombian Amazon, specifically the department of Guaviare, the areas in and around Chiribiquete National Park, and the middle section of the Putumayo River Basin.<\/p><p>Currently, campesino and indigenous communities living in these areas are faced with the challenge of reconstructing their social fabric which has been damaged by so many years of armed conflict and illicit economies. FCDS works with local actors to encourage dialogue, reconciliation, and the participatory creation of sustainable development alternatives.<\/p>\t\t\t\t\t\t\t\t<\/div>\n\t\t\t\t<\/div>\n\t\t\t\t\t<\/div>\n\t\t<\/div>\n\t\t\t\t<div class=\"has_ae_slider elementor-column elementor-col-50 elementor-top-column elementor-element elementor-element-3b43cb8 ae-bg-gallery-type-default\" data-id=\"3b43cb8\" data-element_type=\"column\">\n\t\t\t<div class=\"elementor-widget-wrap elementor-element-populated\">\n\t\t\t\t\t\t<div class=\"elementor-element elementor-element-1fac47a elementor-widget elementor-widget-image\" data-id=\"1fac47a\" data-element_type=\"widget\" data-widget_type=\"image.default\">\n\t\t\t\t<div class=\"elementor-widget-container\">\n\t\t\t\t\t\t\t\t\t\t\t\t\t\t\t\t<a href=\"https:\/\/fcds.org.co\/wp-content\/uploads\/2020\/11\/area-trabajo-1.jpg\" data-elementor-open-lightbox=\"yes\" data-elementor-lightbox-title=\"Area de Gesti\u00f3n Estrat\u00e9gica Fundaci\u00f3n para la COnservaci\u00f3n y el Desarrollo Sostenible\" data-e-action-hash=\"#elementor-action%3Aaction%3Dlightbox%26settings%3DeyJpZCI6OTY2LCJ1cmwiOiJodHRwczpcL1wvZmNkcy5vcmcuY29cL3dwLWNvbnRlbnRcL3VwbG9hZHNcLzIwMjBcLzExXC9hcmVhLXRyYWJham8tMS5qcGcifQ%3D%3D\">\n\t\t\t\t\t\t\t<img fetchpriority=\"high\" decoding=\"async\" width=\"1000\" height=\"773\" src=\"https:\/\/fcds.org.co\/wp-content\/uploads\/2020\/11\/area-trabajo-1.jpg\" class=\"elementor-animation-grow attachment-large size-large wp-image-966\" alt=\"Area de Gesti\u00f3n Estrat\u00e9gica Fundaci\u00f3n para la COnservaci\u00f3n y el Desarrollo Sostenible\" srcset=\"https:\/\/fcds.org.co\/wp-content\/uploads\/2020\/11\/area-trabajo-1.jpg 1000w, https:\/\/fcds.org.co\/wp-content\/uploads\/2020\/11\/area-trabajo-1-300x232.jpg 300w, https:\/\/fcds.org.co\/wp-content\/uploads\/2020\/11\/area-trabajo-1-768x594.jpg 768w\" sizes=\"(max-width: 1000px) 100vw, 1000px\" \/>\t\t\t\t\t\t\t\t<\/a>\n\t\t\t\t\t\t\t\t\t\t\t\t\t\t\t<\/div>\n\t\t\t\t<\/div>\n\t\t\t\t\t<\/div>\n\t\t<\/div>\n\t\t\t\t\t<\/div>\n\t\t<\/section>\n\t\t\t\t<section class=\"has_ae_slider elementor-section elementor-top-section elementor-element elementor-element-2f1bef7 elementor-section-boxed elementor-section-height-default elementor-section-height-default ae-bg-gallery-type-default elementor-invisible\" data-id=\"2f1bef7\" data-element_type=\"section\" data-settings=\"{&quot;animation&quot;:&quot;fadeInRight&quot;,&quot;background_background&quot;:&quot;classic&quot;}\">\n\t\t\t\t\t\t<div class=\"elementor-container elementor-column-gap-default\">\n\t\t\t\t\t<div class=\"has_ae_slider elementor-column elementor-col-100 elementor-top-column elementor-element elementor-element-21ee054 ae-bg-gallery-type-default\" data-id=\"21ee054\" data-element_type=\"column\">\n\t\t\t<div class=\"elementor-widget-wrap elementor-element-populated\">\n\t\t\t\t\t\t<div class=\"elementor-element elementor-element-17daf03 elementor-widget elementor-widget-heading\" data-id=\"17daf03\" data-element_type=\"widget\" data-widget_type=\"heading.default\">\n\t\t\t\t<div class=\"elementor-widget-container\">\n\t\t\t\t\t<h2 class=\"elementor-heading-title elementor-size-default\">Partners<\/h2>\t\t\t\t<\/div>\n\t\t\t\t<\/div>\n\t\t\t\t<div class=\"elementor-element elementor-element-fda6019 elementor-arrows-position-outside elementor-widget elementor-widget-image-carousel\" data-id=\"fda6019\" data-element_type=\"widget\" data-settings=\"{&quot;slides_to_show&quot;:&quot;7&quot;,&quot;navigation&quot;:&quot;arrows&quot;,&quot;slides_to_show_tablet&quot;:&quot;5&quot;,&quot;autoplay&quot;:&quot;yes&quot;,&quot;pause_on_hover&quot;:&quot;yes&quot;,&quot;pause_on_interaction&quot;:&quot;yes&quot;,&quot;autoplay_speed&quot;:5000,&quot;infinite&quot;:&quot;yes&quot;,&quot;speed&quot;:500}\" data-widget_type=\"image-carousel.default\">\n\t\t\t\t<div class=\"elementor-widget-container\">\n\t\t\t\t\t\t\t<div class=\"elementor-image-carousel-wrapper swiper\" role=\"region\" aria-roledescription=\"carousel\" aria-label=\"Carrusel de im\u00e1genes\" dir=\"ltr\">\n\t\t\t<div class=\"elementor-image-carousel swiper-wrapper\" aria-live=\"off\">\n\t\t\t\t\t\t\t\t<div class=\"swiper-slide\" role=\"group\" aria-roledescription=\"slide\" aria-label=\"1 of 25\"><figure class=\"swiper-slide-inner\"><img decoding=\"async\" class=\"swiper-slide-image\" src=\"https:\/\/fcds.org.co\/wp-content\/uploads\/2020\/11\/logo-cda.png\" alt=\"logo-cda\" \/><\/figure><\/div><div class=\"swiper-slide\" role=\"group\" aria-roledescription=\"slide\" aria-label=\"2 of 25\"><figure class=\"swiper-slide-inner\"><img decoding=\"async\" class=\"swiper-slide-image\" src=\"https:\/\/fcds.org.co\/wp-content\/uploads\/2020\/11\/colombia-todos-por-un-nuevo-pais-logo.png\" alt=\"colombia-todos-por-un-nuevo-pais-logo\" \/><\/figure><\/div><div class=\"swiper-slide\" role=\"group\" aria-roledescription=\"slide\" aria-label=\"3 of 25\"><figure class=\"swiper-slide-inner\"><img decoding=\"async\" class=\"swiper-slide-image\" src=\"https:\/\/fcds.org.co\/wp-content\/uploads\/2020\/11\/logo-consejeria-ddhh.png\" alt=\"logo-consejeria-ddhh\" \/><\/figure><\/div><div class=\"swiper-slide\" role=\"group\" aria-roledescription=\"slide\" aria-label=\"4 of 25\"><figure class=\"swiper-slide-inner\"><img decoding=\"async\" class=\"swiper-slide-image\" src=\"https:\/\/fcds.org.co\/wp-content\/uploads\/2020\/11\/logo-corazon-de-la-amazonia.png\" alt=\"logo-corazon-de-la-amazonia\" \/><\/figure><\/div><div class=\"swiper-slide\" role=\"group\" aria-roledescription=\"slide\" aria-label=\"5 of 25\"><figure class=\"swiper-slide-inner\"><img decoding=\"async\" class=\"swiper-slide-image\" src=\"https:\/\/fcds.org.co\/wp-content\/uploads\/2020\/11\/logo-corpoamazonia.png\" alt=\"logo-corpoamazonia\" \/><\/figure><\/div><div class=\"swiper-slide\" role=\"group\" aria-roledescription=\"slide\" aria-label=\"6 of 25\"><figure class=\"swiper-slide-inner\"><img decoding=\"async\" class=\"swiper-slide-image\" src=\"https:\/\/fcds.org.co\/wp-content\/uploads\/2020\/11\/logo-field.png\" alt=\"logo-field\" \/><\/figure><\/div><div class=\"swiper-slide\" role=\"group\" aria-roledescription=\"slide\" aria-label=\"7 of 25\"><figure class=\"swiper-slide-inner\"><img decoding=\"async\" class=\"swiper-slide-image\" src=\"https:\/\/fcds.org.co\/wp-content\/uploads\/2020\/11\/logo-gaia-amazonas.png\" alt=\"logo-gaia-amazonas\" \/><\/figure><\/div><div class=\"swiper-slide\" role=\"group\" aria-roledescription=\"slide\" aria-label=\"8 of 25\"><figure class=\"swiper-slide-inner\"><img decoding=\"async\" class=\"swiper-slide-image\" src=\"https:\/\/fcds.org.co\/wp-content\/uploads\/2020\/11\/logo-humboldt.png\" alt=\"logo-humboldt\" \/><\/figure><\/div><div class=\"swiper-slide\" role=\"group\" aria-roledescription=\"slide\" aria-label=\"9 of 25\"><figure class=\"swiper-slide-inner\"><img decoding=\"async\" class=\"swiper-slide-image\" src=\"https:\/\/fcds.org.co\/wp-content\/uploads\/2020\/11\/logo-ideam.png\" alt=\"logo-ideam\" \/><\/figure><\/div><div class=\"swiper-slide\" role=\"group\" aria-roledescription=\"slide\" aria-label=\"10 of 25\"><figure class=\"swiper-slide-inner\"><img decoding=\"async\" class=\"swiper-slide-image\" src=\"https:\/\/fcds.org.co\/wp-content\/uploads\/2020\/11\/logo-instituto-ciencias-natirales.png\" alt=\"logo-instituto-ciencias-natirales\" \/><\/figure><\/div><div class=\"swiper-slide\" role=\"group\" aria-roledescription=\"slide\" aria-label=\"11 of 25\"><figure class=\"swiper-slide-inner\"><img decoding=\"async\" class=\"swiper-slide-image\" src=\"https:\/\/fcds.org.co\/wp-content\/uploads\/2020\/11\/logo-invias.png\" alt=\"logo-invias\" \/><\/figure><\/div><div class=\"swiper-slide\" role=\"group\" aria-roledescription=\"slide\" aria-label=\"12 of 25\"><figure class=\"swiper-slide-inner\"><img decoding=\"async\" class=\"swiper-slide-image\" src=\"https:\/\/fcds.org.co\/wp-content\/uploads\/2020\/11\/logo-javeriana.png\" alt=\"logo-javeriana\" \/><\/figure><\/div><div class=\"swiper-slide\" role=\"group\" aria-roledescription=\"slide\" aria-label=\"13 of 25\"><figure class=\"swiper-slide-inner\"><img decoding=\"async\" class=\"swiper-slide-image\" src=\"https:\/\/fcds.org.co\/wp-content\/uploads\/2020\/11\/logo-minambiente.png\" alt=\"logo-minambiente\" \/><\/figure><\/div><div class=\"swiper-slide\" role=\"group\" aria-roledescription=\"slide\" aria-label=\"14 of 25\"><figure class=\"swiper-slide-inner\"><img decoding=\"async\" class=\"swiper-slide-image\" src=\"https:\/\/fcds.org.co\/wp-content\/uploads\/2020\/11\/logo-mintransporte.png\" alt=\"logo-mintransporte\" \/><\/figure><\/div><div class=\"swiper-slide\" role=\"group\" aria-roledescription=\"slide\" aria-label=\"15 of 25\"><figure class=\"swiper-slide-inner\"><img decoding=\"async\" class=\"swiper-slide-image\" src=\"https:\/\/fcds.org.co\/wp-content\/uploads\/2020\/11\/logo-parques-nacionales-naturales.png\" alt=\"logo-parques-nacionales-naturales\" \/><\/figure><\/div><div class=\"swiper-slide\" role=\"group\" aria-roledescription=\"slide\" aria-label=\"16 of 25\"><figure class=\"swiper-slide-inner\"><img decoding=\"async\" class=\"swiper-slide-image\" src=\"https:\/\/fcds.org.co\/wp-content\/uploads\/2020\/11\/logo-sinchi.png\" alt=\"logo-sinchi\" \/><\/figure><\/div><div class=\"swiper-slide\" role=\"group\" aria-roledescription=\"slide\" aria-label=\"17 of 25\"><figure class=\"swiper-slide-inner\"><img decoding=\"async\" class=\"swiper-slide-image\" src=\"https:\/\/fcds.org.co\/wp-content\/uploads\/2020\/11\/logo-uandes.png\" alt=\"logo-uandes\" \/><\/figure><\/div><div class=\"swiper-slide\" role=\"group\" aria-roledescription=\"slide\" aria-label=\"18 of 25\"><figure class=\"swiper-slide-inner\"><img decoding=\"async\" class=\"swiper-slide-image\" src=\"https:\/\/fcds.org.co\/wp-content\/uploads\/2020\/11\/logo-urosario.png\" alt=\"logo-urosario\" \/><\/figure><\/div><div class=\"swiper-slide\" role=\"group\" aria-roledescription=\"slide\" aria-label=\"19 of 25\"><figure class=\"swiper-slide-inner\"><img decoding=\"async\" class=\"swiper-slide-image\" src=\"https:\/\/fcds.org.co\/wp-content\/uploads\/2020\/11\/logo-vision-amazonia.png\" alt=\"logo-vision-amazonia\" \/><\/figure><\/div><div class=\"swiper-slide\" role=\"group\" aria-roledescription=\"slide\" aria-label=\"20 of 25\"><figure class=\"swiper-slide-inner\"><img decoding=\"async\" class=\"swiper-slide-image\" src=\"https:\/\/fcds.org.co\/wp-content\/uploads\/2020\/11\/logo-bid.png\" alt=\"logo-bid\" \/><\/figure><\/div><div class=\"swiper-slide\" role=\"group\" aria-roledescription=\"slide\" aria-label=\"21 of 25\"><figure class=\"swiper-slide-inner\"><img decoding=\"async\" class=\"swiper-slide-image\" src=\"https:\/\/fcds.org.co\/wp-content\/uploads\/2020\/11\/logo-ciat.png\" alt=\"logo-ciat\" \/><\/figure><\/div><div class=\"swiper-slide\" role=\"group\" aria-roledescription=\"slide\" aria-label=\"22 of 25\"><figure class=\"swiper-slide-inner\"><img decoding=\"async\" class=\"swiper-slide-image\" src=\"https:\/\/fcds.org.co\/wp-content\/uploads\/2020\/11\/logo-csf.png\" alt=\"logo-csf\" \/><\/figure><\/div><div class=\"swiper-slide\" role=\"group\" aria-roledescription=\"slide\" aria-label=\"23 of 25\"><figure class=\"swiper-slide-inner\"><img decoding=\"async\" class=\"swiper-slide-image\" src=\"https:\/\/fcds.org.co\/wp-content\/uploads\/2020\/11\/logo-gcp.png\" alt=\"logo-gcp\" \/><\/figure><\/div><div class=\"swiper-slide\" role=\"group\" aria-roledescription=\"slide\" aria-label=\"24 of 25\"><figure class=\"swiper-slide-inner\"><img decoding=\"async\" class=\"swiper-slide-image\" src=\"https:\/\/fcds.org.co\/wp-content\/uploads\/2020\/11\/logo-instituto-bien-comun.png\" alt=\"logo-instituto-bien-comun\" \/><\/figure><\/div><div class=\"swiper-slide\" role=\"group\" aria-roledescription=\"slide\" aria-label=\"25 of 25\"><figure class=\"swiper-slide-inner\"><img decoding=\"async\" class=\"swiper-slide-image\" src=\"https:\/\/fcds.org.co\/wp-content\/uploads\/2020\/11\/logo-min-ambiente.png\" alt=\"logo-min-ambiente\" \/><\/figure><\/div>\t\t\t<\/div>\n\t\t\t\t\t\t\t\t\t\t\t\t<div class=\"elementor-swiper-button elementor-swiper-button-prev\" role=\"button\" tabindex=\"0\">\n\t\t\t\t\t\t<i aria-hidden=\"true\" class=\"eicon-chevron-left\"><\/i>\t\t\t\t\t<\/div>\n\t\t\t\t\t<div class=\"elementor-swiper-button elementor-swiper-button-next\" role=\"button\" tabindex=\"0\">\n\t\t\t\t\t\t<i aria-hidden=\"true\" class=\"eicon-chevron-right\"><\/i>\t\t\t\t\t<\/div>\n\t\t\t\t\n\t\t\t\t\t\t\t\t\t<\/div>\n\t\t\t\t\t\t<\/div>\n\t\t\t\t<\/div>\n\t\t\t\t<div class=\"elementor-element elementor-element-68799f0 elementor-widget__width-inherit elementor-absolute elementor-widget-divider--view-line elementor-widget elementor-widget-divider\" data-id=\"68799f0\" data-element_type=\"widget\" data-settings=\"{&quot;_position&quot;:&quot;absolute&quot;}\" data-widget_type=\"divider.default\">\n\t\t\t\t<div class=\"elementor-widget-container\">\n\t\t\t\t\t\t\t<div class=\"elementor-divider\">\n\t\t\t<span class=\"elementor-divider-separator\">\n\t\t\t\t\t\t<\/span>\n\t\t<\/div>\n\t\t\t\t\t\t<\/div>\n\t\t\t\t<\/div>\n\t\t\t\t\t<\/div>\n\t\t<\/div>\n\t\t\t\t\t<\/div>\n\t\t<\/section>\n\t\t\t\t<section class=\"has_ae_slider elementor-section elementor-top-section elementor-element elementor-element-455d41a elementor-section-boxed elementor-section-height-default elementor-section-height-default ae-bg-gallery-type-default elementor-invisible\" data-id=\"455d41a\" data-element_type=\"section\" data-settings=\"{&quot;animation&quot;:&quot;fadeInRight&quot;,&quot;background_background&quot;:&quot;classic&quot;}\">\n\t\t\t\t\t\t<div class=\"elementor-container elementor-column-gap-default\">\n\t\t\t\t\t<div class=\"has_ae_slider elementor-column elementor-col-100 elementor-top-column elementor-element elementor-element-5f9363a ae-bg-gallery-type-default\" data-id=\"5f9363a\" data-element_type=\"column\">\n\t\t\t<div class=\"elementor-widget-wrap elementor-element-populated\">\n\t\t\t\t\t\t<div class=\"elementor-element elementor-element-62a4f6f elementor-widget elementor-widget-heading\" data-id=\"62a4f6f\" data-element_type=\"widget\" data-widget_type=\"heading.default\">\n\t\t\t\t<div class=\"elementor-widget-container\">\n\t\t\t\t\t<h2 class=\"elementor-heading-title elementor-size-default\">Collaborators<\/h2>\t\t\t\t<\/div>\n\t\t\t\t<\/div>\n\t\t\t\t<div class=\"elementor-element elementor-element-d32293d elementor-arrows-position-outside elementor-widget elementor-widget-image-carousel\" data-id=\"d32293d\" data-element_type=\"widget\" data-settings=\"{&quot;slides_to_show&quot;:&quot;7&quot;,&quot;navigation&quot;:&quot;arrows&quot;,&quot;slides_to_show_tablet&quot;:&quot;5&quot;,&quot;autoplay&quot;:&quot;yes&quot;,&quot;pause_on_hover&quot;:&quot;yes&quot;,&quot;pause_on_interaction&quot;:&quot;yes&quot;,&quot;autoplay_speed&quot;:5000,&quot;infinite&quot;:&quot;yes&quot;,&quot;speed&quot;:500}\" data-widget_type=\"image-carousel.default\">\n\t\t\t\t<div class=\"elementor-widget-container\">\n\t\t\t\t\t\t\t<div class=\"elementor-image-carousel-wrapper swiper\" role=\"region\" aria-roledescription=\"carousel\" aria-label=\"Carrusel de im\u00e1genes\" dir=\"ltr\">\n\t\t\t<div class=\"elementor-image-carousel swiper-wrapper\" aria-live=\"off\">\n\t\t\t\t\t\t\t\t<div class=\"swiper-slide\" role=\"group\" aria-roledescription=\"slide\" aria-label=\"1 of 9\"><figure class=\"swiper-slide-inner\"><img decoding=\"async\" class=\"swiper-slide-image\" src=\"https:\/\/fcds.org.co\/wp-content\/uploads\/2020\/11\/logo-andes-amazon-fund.png\" alt=\"logo-andes-amazon-fund\" \/><\/figure><\/div><div class=\"swiper-slide\" role=\"group\" aria-roledescription=\"slide\" aria-label=\"2 of 9\"><figure class=\"swiper-slide-inner\"><img decoding=\"async\" class=\"swiper-slide-image\" src=\"https:\/\/fcds.org.co\/wp-content\/uploads\/2020\/11\/logo-gordon-and-betty.png\" alt=\"logo-gordon-and-betty\" \/><\/figure><\/div><div class=\"swiper-slide\" role=\"group\" aria-roledescription=\"slide\" aria-label=\"3 of 9\"><figure class=\"swiper-slide-inner\"><img decoding=\"async\" class=\"swiper-slide-image\" src=\"https:\/\/fcds.org.co\/wp-content\/uploads\/2020\/11\/logo-iucn.png\" alt=\"logo-iucn\" \/><\/figure><\/div><div class=\"swiper-slide\" role=\"group\" aria-roledescription=\"slide\" aria-label=\"4 of 9\"><figure class=\"swiper-slide-inner\"><img decoding=\"async\" class=\"swiper-slide-image\" src=\"https:\/\/fcds.org.co\/wp-content\/uploads\/2020\/11\/logo-corazon-de-la-amazonia.png\" alt=\"logo-corazon-de-la-amazonia\" \/><\/figure><\/div><div class=\"swiper-slide\" role=\"group\" aria-roledescription=\"slide\" aria-label=\"5 of 9\"><figure class=\"swiper-slide-inner\"><img decoding=\"async\" class=\"swiper-slide-image\" src=\"https:\/\/fcds.org.co\/wp-content\/uploads\/2020\/11\/logo-usaid.png\" alt=\"logo-usaid\" \/><\/figure><\/div><div class=\"swiper-slide\" role=\"group\" aria-roledescription=\"slide\" aria-label=\"6 of 9\"><figure class=\"swiper-slide-inner\"><img decoding=\"async\" class=\"swiper-slide-image\" src=\"https:\/\/fcds.org.co\/wp-content\/uploads\/2020\/11\/logo-patrimonio-natural.png\" alt=\"logo-patrimonio-natural\" \/><\/figure><\/div><div class=\"swiper-slide\" role=\"group\" aria-roledescription=\"slide\" aria-label=\"7 of 9\"><figure class=\"swiper-slide-inner\"><img decoding=\"async\" class=\"swiper-slide-image\" src=\"https:\/\/fcds.org.co\/wp-content\/uploads\/2020\/11\/logo-bid.png\" alt=\"logo-bid\" \/><\/figure><\/div><div class=\"swiper-slide\" role=\"group\" aria-roledescription=\"slide\" aria-label=\"8 of 9\"><figure class=\"swiper-slide-inner\"><img decoding=\"async\" class=\"swiper-slide-image\" src=\"https:\/\/fcds.org.co\/wp-content\/uploads\/2020\/11\/logo-giz.png\" alt=\"logo-giz\" \/><\/figure><\/div><div class=\"swiper-slide\" role=\"group\" aria-roledescription=\"slide\" aria-label=\"9 of 9\"><figure class=\"swiper-slide-inner\"><img decoding=\"async\" class=\"swiper-slide-image\" src=\"https:\/\/fcds.org.co\/wp-content\/uploads\/2020\/11\/logo-onf-andina.png\" alt=\"logo-onf-andina\" \/><\/figure><\/div>\t\t\t<\/div>\n\t\t\t\t\t\t\t\t\t\t\t\t<div class=\"elementor-swiper-button elementor-swiper-button-prev\" role=\"button\" tabindex=\"0\">\n\t\t\t\t\t\t<i aria-hidden=\"true\" class=\"eicon-chevron-left\"><\/i>\t\t\t\t\t<\/div>\n\t\t\t\t\t<div class=\"elementor-swiper-button elementor-swiper-button-next\" role=\"button\" tabindex=\"0\">\n\t\t\t\t\t\t<i aria-hidden=\"true\" class=\"eicon-chevron-right\"><\/i>\t\t\t\t\t<\/div>\n\t\t\t\t\n\t\t\t\t\t\t\t\t\t<\/div>\n\t\t\t\t\t\t<\/div>\n\t\t\t\t<\/div>\n\t\t\t\t<div class=\"elementor-element elementor-element-c40958e elementor-widget__width-inherit elementor-absolute elementor-widget-divider--view-line elementor-widget elementor-widget-divider\" data-id=\"c40958e\" data-element_type=\"widget\" data-settings=\"{&quot;_position&quot;:&quot;absolute&quot;}\" data-widget_type=\"divider.default\">\n\t\t\t\t<div class=\"elementor-widget-container\">\n\t\t\t\t\t\t\t<div class=\"elementor-divider\">\n\t\t\t<span class=\"elementor-divider-separator\">\n\t\t\t\t\t\t<\/span>\n\t\t<\/div>\n\t\t\t\t\t\t<\/div>\n\t\t\t\t<\/div>\n\t\t\t\t\t<\/div>\n\t\t<\/div>\n\t\t\t\t\t<\/div>\n\t\t<\/section>\n\t\t\t\t<\/div>\n\t\t","protected":false},"excerpt":{"rendered":"<p>The Foundation promotes peacebuilding through a territorial environmental management method that emphasizes environmental protection and sustainable development, focusing on the Colombian Amazon, specifically the department of Guaviare, the areas in and around Chiribiquete National Park, and the middle section of the Putumayo River Basin. Currently, campesino and indigenous communities living in these areas are faced [&hellip;]<\/p>\n","protected":false},"author":3,"featured_media":11540,"parent":12712,"menu_order":0,"comment_status":"closed","ping_status":"closed","template":"","meta":{"_acf_changed":false,"site-sidebar-layout":"no-sidebar","site-content-layout":"page-builder","ast-site-content-layout":"default","site-content-style":"default","site-sidebar-style":"default","ast-global-header-display":"","ast-banner-title-visibility":"","ast-main-header-display":"","ast-hfb-above-header-display":"","ast-hfb-below-header-display":"","ast-hfb-mobile-header-display":"","site-post-title":"disabled","ast-breadcrumbs-content":"","ast-featured-img":"disabled","footer-sml-layout":"","ast-disable-related-posts":"","theme-transparent-header-meta":"default","adv-header-id-meta":"","stick-header-meta":"default","header-above-stick-meta":"","header-main-stick-meta":"","header-below-stick-meta":"","astra-migrate-meta-layouts":"default","ast-page-background-enabled":"default","ast-page-background-meta":{"desktop":{"background-color":"","background-image":"","background-repeat":"repeat","background-position":"center center","background-size":"auto","background-attachment":"scroll","background-type":"","background-media":"","overlay-type":"","overlay-color":"","overlay-opacity":"","overlay-gradient":""},"tablet":{"background-color":"","background-image":"","background-repeat":"repeat","background-position":"center center","background-size":"auto","background-attachment":"scroll","background-type":"","background-media":"","overlay-type":"","overlay-color":"","overlay-opacity":"","overlay-gradient":""},"mobile":{"background-color":"","background-image":"","background-repeat":"repeat","background-position":"center center","background-size":"auto","background-attachment":"scroll","background-type":"","background-media":"","overlay-type":"","overlay-color":"","overlay-opacity":"","overlay-gradient":""}},"ast-content-background-meta":{"desktop":{"background-color":"var(--ast-global-color-5)","background-image":"","background-repeat":"repeat","background-position":"center center","background-size":"auto","background-attachment":"scroll","background-type":"","background-media":"","overlay-type":"","overlay-color":"","overlay-opacity":"","overlay-gradient":""},"tablet":{"background-color":"var(--ast-global-color-5)","background-image":"","background-repeat":"repeat","background-position":"center center","background-size":"auto","background-attachment":"scroll","background-type":"","background-media":"","overlay-type":"","overlay-color":"","overlay-opacity":"","overlay-gradient":""},"mobile":{"background-color":"var(--ast-global-color-5)","background-image":"","background-repeat":"repeat","background-position":"center center","background-size":"auto","background-attachment":"scroll","background-type":"","background-media":"","overlay-type":"","overlay-color":"","overlay-opacity":"","overlay-gradient":""}},"footnotes":""},"class_list":["post-12834","page","type-page","status-publish","has-post-thumbnail","hentry"],"acf":[],"_links":{"self":[{"href":"https:\/\/fcds.org.co\/en\/wp-json\/wp\/v2\/pages\/12834","targetHints":{"allow":["GET"]}}],"collection":[{"href":"https:\/\/fcds.org.co\/en\/wp-json\/wp\/v2\/pages"}],"about":[{"href":"https:\/\/fcds.org.co\/en\/wp-json\/wp\/v2\/types\/page"}],"author":[{"embeddable":true,"href":"https:\/\/fcds.org.co\/en\/wp-json\/wp\/v2\/users\/3"}],"replies":[{"embeddable":true,"href":"https:\/\/fcds.org.co\/en\/wp-json\/wp\/v2\/comments?post=12834"}],"version-history":[{"count":3,"href":"https:\/\/fcds.org.co\/en\/wp-json\/wp\/v2\/pages\/12834\/revisions"}],"predecessor-version":[{"id":24557,"href":"https:\/\/fcds.org.co\/en\/wp-json\/wp\/v2\/pages\/12834\/revisions\/24557"}],"up":[{"embeddable":true,"href":"https:\/\/fcds.org.co\/en\/wp-json\/wp\/v2\/pages\/12712"}],"wp:featuredmedia":[{"embeddable":true,"href":"https:\/\/fcds.org.co\/en\/wp-json\/wp\/v2\/media\/11540"}],"wp:attachment":[{"href":"https:\/\/fcds.org.co\/en\/wp-json\/wp\/v2\/media?parent=12834"}],"curies":[{"name":"wp","href":"https:\/\/api.w.org\/{rel}","templated":true}]}}